{"id":188,"date":"2023-08-23T14:27:15","date_gmt":"2023-08-23T14:27:15","guid":{"rendered":"https:\/\/preprod-samiginfo-com.sntteam.org\/?page_id=188"},"modified":"2023-09-07T07:20:04","modified_gmt":"2023-09-07T07:20:04","slug":"services","status":"publish","type":"page","link":"https:\/\/www.samiginfo.com\/?page_id=188","title":{"rendered":"Services"},"content":{"rendered":"\n<div class=\"wp-block-group is-vertical is-layout-flex wp-container-core-group-is-layout-8cf370e7 wp-block-group-is-layout-flex\">\n<h2 class=\"wp-block-heading\">Installation\/Configuration de PC et r\u00e9seaux<\/h2>\n\n\n\n<p><br><\/p>\n<\/div>\n\n\n\n<div class=\"wp-block-group\"><div class=\"wp-block-group__inner-container is-layout-constrained wp-block-group-is-layout-constrained\">\n<div class=\"wp-block-group is-nowrap is-layout-flex wp-container-core-group-is-layout-ad2f72ca wp-block-group-is-layout-flex\">\n<div class=\"wp-block-group\"><div class=\"wp-block-group__inner-container is-layout-constrained wp-block-group-is-layout-constrained\">\n<div class=\"wp-block-group is-nowrap is-layout-flex wp-container-core-group-is-layout-ad2f72ca wp-block-group-is-layout-flex\">\n<div class=\"wp-block-group is-nowrap is-layout-flex wp-container-core-group-is-layout-ad2f72ca wp-block-group-is-layout-flex\">\n<div class=\"wp-block-group\"><div class=\"wp-block-group__inner-container is-layout-constrained wp-block-group-is-layout-constrained\">\n<div class=\"wp-block-group\"><div class=\"wp-block-group__inner-container is-layout-constrained wp-block-group-is-layout-constrained\">\n<div class=\"wp-block-group is-vertical is-content-justification-stretch is-layout-flex wp-container-core-group-is-layout-b16ad781 wp-block-group-is-layout-flex\">\n<div class=\"wp-block-group\"><div class=\"wp-block-group__inner-container is-layout-constrained wp-block-group-is-layout-constrained\">\n<div class=\"wp-block-group is-nowrap is-layout-flex wp-container-core-group-is-layout-ad2f72ca wp-block-group-is-layout-flex\">\n<div class=\"wp-block-group\"><div class=\"wp-block-group__inner-container is-layout-constrained wp-block-group-is-layout-constrained\">\n<p>Votre parc informatique s&rsquo;agrandit, vous souhaitez \u00e9tendre votre r\u00e9seau au wifi pour vos collaborateurs nomades ?<\/p>\n\n\n\n<p>Le petit dernier veut acc\u00e9der \u00e0 internet avec sa console ou partager votre imprimante sur votre portable ?<\/p>\n\n\n\n<p>Je me d\u00e9place chez vous (domicile, bureau) afin d\u2019\u00e9tudier et de proposer une solution adapt\u00e9e \u00e0 vos besoins (wifi, cpl, r\u00e9seau gigabit, etc&#8230;).<\/p>\n\n\n\n<p>J&rsquo;installe \u00e9galement internet quelque soit votre fournisseur d&rsquo;acc\u00e8s, que vous utilisiez une box (livebox, freebox, etc&#8230;), un modem USB ou un routeur tiers. <\/p>\n<\/div><\/div>\n<\/div>\n\n\n\n<p><br><\/p>\n<\/div><\/div>\n<\/div>\n<\/div><\/div>\n<\/div><\/div>\n<\/div>\n<\/div>\n<\/div><\/div>\n<\/div>\n<\/div><\/div>\n\n\n\n<div class=\"wp-block-group is-vertical is-layout-flex wp-container-core-group-is-layout-8cf370e7 wp-block-group-is-layout-flex\">\n<div class=\"wp-block-group is-vertical is-layout-flex wp-container-core-group-is-layout-8cf370e7 wp-block-group-is-layout-flex\">\n<h2 class=\"wp-block-heading\">Installation\/Configuration de logiciels et p\u00e9riph\u00e9riques<\/h2>\n\n\n\n<p><br><\/p>\n<\/div>\n<\/div>\n\n\n\n<div class=\"wp-block-group\"><div class=\"wp-block-group__inner-container is-layout-constrained wp-block-group-is-layout-constrained\">\n<div class=\"wp-block-group is-nowrap is-layout-flex wp-container-core-group-is-layout-ad2f72ca wp-block-group-is-layout-flex\">\n<div class=\"wp-block-group is-nowrap is-layout-flex wp-container-core-group-is-layout-ad2f72ca wp-block-group-is-layout-flex\">\n<div class=\"wp-block-columns is-layout-flex wp-container-core-columns-is-layout-9d6595d7 wp-block-columns-is-layout-flex\">\n<div class=\"wp-block-column is-layout-flow wp-block-column-is-layout-flow\" style=\"flex-basis:100%\">\n<div class=\"wp-block-group is-nowrap is-layout-flex wp-container-core-group-is-layout-64989fb1 wp-block-group-is-layout-flex\">\n<div class=\"wp-block-group is-nowrap is-layout-flex wp-container-core-group-is-layout-ad2f72ca wp-block-group-is-layout-flex\">\n<div class=\"wp-block-group\"><div class=\"wp-block-group__inner-container is-layout-constrained wp-block-group-is-layout-constrained\">\n<p>Vous venez d&rsquo;acheter un nouveau logiciel, un clavier ou une souris high-tech et vous ne savez pas comment l&rsquo;installer ou un message d&rsquo;erreur bloque son installation, il vous manque un plugin pour le faire fonctionner correctement ?<\/p>\n\n\n\n<p>J&rsquo;interviens chez vous (\u00e0 votre domicile, sur votre lieu d&rsquo;exploitation), en quelques heures si besoin pour rem\u00e9dier \u00e0 votre probl\u00e8me.<\/p>\n\n\n\n<p><br><\/p>\n<\/div><\/div>\n<\/div>\n<\/div>\n<\/div>\n<\/div>\n<\/div>\n<\/div>\n\n\n\n<div class=\"wp-block-group is-vertical is-layout-flex wp-container-core-group-is-layout-8cf370e7 wp-block-group-is-layout-flex\">\n<h2 class=\"wp-block-heading\">Installation et Maintenance<\/h2>\n\n\n\n<p><br><\/p>\n<\/div>\n<\/div><\/div>\n\n\n\n<p>Ce service n&rsquo;est pas r\u00e9serv\u00e9 aux seules entreprises mais aussi aux particuliers soucieux d&rsquo;avoir un ordinateur (ou parc informatique) en bon \u00e9tat de fonctionnement ayant des performances et une fiabilit\u00e9 optimales.<\/p>\n\n\n\n<p>J&rsquo;installe et entretien tout type de mat\u00e9riel PC.<\/p>\n\n\n\n<p>Voici quelques exemples des services propos\u00e9s :<\/p>\n\n\n\n<ul class=\"wp-block-list\">\n<li>Remplacement d&rsquo;une pi\u00e8ce d\u00e9fectueuse (disque dur, RAM, carte m\u00e8re, etc&#8230;)<\/li>\n\n\n\n<li>D\u00e9poussi\u00e9rage de l&rsquo;int\u00e9rieur d&rsquo;un ordinateur<\/li>\n\n\n\n<li>Installation d&rsquo;un ordinateur complet (d\u00e9ballage, mise en route, tests)<\/li>\n<\/ul>\n\n\n\n<p>Je propose \u00e9galement aux professionnels et aux administrations des contrats de maintenance (tarifs et conditions sur demande voir rubrique contact)<\/p>\n\n\n\n<p><br><\/p>\n\n\n\n<div class=\"wp-block-group is-vertical is-layout-flex wp-container-core-group-is-layout-8cf370e7 wp-block-group-is-layout-flex\">\n<h2 class=\"wp-block-heading\">Formations<\/h2>\n\n\n\n<p><br><\/p>\n<\/div>\n\n\n\n<div class=\"wp-block-group\"><div class=\"wp-block-group__inner-container is-layout-constrained wp-block-group-is-layout-constrained\">\n<div class=\"wp-block-group is-nowrap is-layout-flex wp-container-core-group-is-layout-ad2f72ca wp-block-group-is-layout-flex\">\n<div class=\"wp-block-group is-vertical is-layout-flex wp-container-core-group-is-layout-8cf370e7 wp-block-group-is-layout-flex\">\n<p>Je me d\u00e9place chez vous pour vous dispenser conseils et formations personnalis\u00e9es r\u00e9pondant exactement \u00e0 vos attentes.<\/p>\n\n\n\n<p>Initiation :<\/p>\n\n\n\n<ul class=\"wp-block-list\">\n<li>Office ou \u00e9quivalent (word, excel, powerpoint)<\/li>\n\n\n\n<li>Courriel (outlook, thunderbird, webmail)<\/li>\n\n\n\n<li>Windows (XP, Vista, 7, 8, 10)<\/li>\n\n\n\n<li>Sauvegarde (Cl\u00e9 USB, CD\/DVD, NAS)<\/li>\n\n\n\n<li>Gestion photo<\/li>\n\n\n\n<li>Internet<\/li>\n\n\n\n<li>R\u00e9seau et Wifi<\/li>\n<\/ul>\n\n\n\n<p><br><\/p>\n<\/div>\n<\/div>\n<\/div><\/div>\n\n\n\n<div class=\"wp-block-group is-vertical is-layout-flex wp-container-core-group-is-layout-8cf370e7 wp-block-group-is-layout-flex\">\n<h2 class=\"wp-block-heading\">Eradication virus\/spywares<\/h2>\n\n\n\n<p><br><\/p>\n<\/div>\n\n\n\n<div class=\"wp-block-group is-nowrap is-layout-flex wp-container-core-group-is-layout-ad2f72ca wp-block-group-is-layout-flex\">\n<div class=\"wp-block-group\"><div class=\"wp-block-group__inner-container is-layout-constrained wp-block-group-is-layout-constrained\">\n<div class=\"wp-block-group is-nowrap is-layout-flex wp-container-core-group-is-layout-ad2f72ca wp-block-group-is-layout-flex\">\n<div class=\"wp-block-group is-nowrap is-layout-flex wp-container-core-group-is-layout-ad2f72ca wp-block-group-is-layout-flex\">\n<div class=\"wp-block-group\"><div class=\"wp-block-group__inner-container is-layout-constrained wp-block-group-is-layout-constrained\">\n<div class=\"wp-block-group\"><div class=\"wp-block-group__inner-container is-layout-constrained wp-block-group-is-layout-constrained\">\n<div class=\"wp-block-group is-nowrap is-layout-flex wp-container-core-group-is-layout-ad2f72ca wp-block-group-is-layout-flex\">\n<div class=\"wp-block-group is-vertical is-layout-flex wp-container-core-group-is-layout-8cf370e7 wp-block-group-is-layout-flex\">\n<div class=\"wp-block-group\"><div class=\"wp-block-group__inner-container is-layout-constrained wp-block-group-is-layout-constrained\">\n<div class=\"wp-block-group is-vertical is-layout-flex wp-container-core-group-is-layout-8cf370e7 wp-block-group-is-layout-flex\">\n<p>Votre ordinateur pr\u00e9sente un comportement anormal, des pages publicitaires polluent votre navigation internet ou encore un programme \u00ab&nbsp;de s\u00e9curit\u00e9&nbsp;\u00bb vous signale de multiples contaminations (mais pour nettoyer il faut payer) ?<\/p>\n\n\n\n<p>Vous \u00eates s\u00fbrement victime d\u2019un virus ou d\u2019un logiciel malveillant !<\/p>\n\n\n\n<p>J\u2019interviens rapidement chez vous (domicile, bureau) pour \u00e9radiquer la vermine moderne (virus et autres malveillants), v\u00e9ritable fl\u00e9au d\u2019internet.<\/p>\n\n\n\n<p><\/p>\n<\/div>\n<\/div><\/div>\n<\/div>\n<\/div>\n<\/div><\/div>\n<\/div><\/div>\n<\/div>\n<\/div>\n<\/div><\/div>\n<\/div>\n","protected":false},"excerpt":{"rendered":"<p>Installation\/Configuration de PC et r\u00e9seaux Votre parc informatique s&rsquo;agrandit, vous souhaitez \u00e9tendre votre r\u00e9seau au wifi pour vos collaborateurs nomades ? Le petit dernier veut acc\u00e9der \u00e0 internet avec sa console ou partager votre imprimante sur votre portable ? Je me d\u00e9place chez vous (domicile, bureau) afin d\u2019\u00e9tudier et de proposer une solution adapt\u00e9e \u00e0 [&hellip;]<\/p>\n","protected":false},"author":1,"featured_media":0,"parent":0,"menu_order":0,"comment_status":"closed","ping_status":"closed","template":"","meta":{"footnotes":""},"class_list":["post-188","page","type-page","status-publish","hentry"],"_links":{"self":[{"href":"https:\/\/www.samiginfo.com\/index.php?rest_route=\/wp\/v2\/pages\/188","targetHints":{"allow":["GET"]}}],"collection":[{"href":"https:\/\/www.samiginfo.com\/index.php?rest_route=\/wp\/v2\/pages"}],"about":[{"href":"https:\/\/www.samiginfo.com\/index.php?rest_route=\/wp\/v2\/types\/page"}],"author":[{"embeddable":true,"href":"https:\/\/www.samiginfo.com\/index.php?rest_route=\/wp\/v2\/users\/1"}],"replies":[{"embeddable":true,"href":"https:\/\/www.samiginfo.com\/index.php?rest_route=%2Fwp%2Fv2%2Fcomments&post=188"}],"version-history":[{"count":36,"href":"https:\/\/www.samiginfo.com\/index.php?rest_route=\/wp\/v2\/pages\/188\/revisions"}],"predecessor-version":[{"id":257,"href":"https:\/\/www.samiginfo.com\/index.php?rest_route=\/wp\/v2\/pages\/188\/revisions\/257"}],"wp:attachment":[{"href":"https:\/\/www.samiginfo.com\/index.php?rest_route=%2Fwp%2Fv2%2Fmedia&parent=188"}],"curies":[{"name":"wp","href":"https:\/\/api.w.org\/{rel}","templated":true}]}}