{"id":22,"date":"2012-03-10T20:14:15","date_gmt":"2012-03-10T20:14:15","guid":{"rendered":"https:\/\/www.samiginfo.com\/?page_id=22"},"modified":"2023-01-23T08:21:56","modified_gmt":"2023-01-23T08:21:56","slug":"samig-informatic-vous-souhaite-la-bienvenue","status":"publish","type":"page","link":"https:\/\/www.samiginfo.com\/","title":{"rendered":"Accueil"},"content":{"rendered":"<h1 style=\"text-align: justify;\"><a href=\"https:\/\/www.samiginfo.com\/wp-content\/uploads\/2012\/03\/moi.jpg\"><img loading=\"lazy\" decoding=\"async\" class=\"alignright wp-image-89\" title=\"moi\" src=\"https:\/\/www.samiginfo.com\/wp-content\/uploads\/2012\/03\/moi.jpg\" alt=\"\" width=\"166\" height=\"125\" \/><\/a>SAMIG INFORMATIC vous souhaite la bienvenue.<\/h1>\n<p style=\"text-align: justify;\">Depuis plus de 15 ans, l\u2019informatique est ma passion, mais \u00e9galement mon m\u00e9tier, aujourd\u2019hui mon travail consiste \u00e0 m\u2019occuper de tous les probl\u00e8mes inh\u00e9rents \u00e0 votre syst\u00e8me informatique. J\u2019interviens dans vos locaux en quelques heures si besoin. Avec moi, vous n\u2019\u00eates pas un num\u00e9ro, ma d\u00e9marche professionnelle est humaine. Rompu et form\u00e9 aux mat\u00e9riels et techniques les plus modernes, je pourrai \u00e0 coup s\u00fbr vous d\u00e9panner et vous conseiller.<\/p>\n","protected":false},"excerpt":{"rendered":"<p>SAMIG INFORMATIC vous souhaite la bienvenue. Depuis plus de 15 ans, l\u2019informatique est ma passion, mais \u00e9galement mon m\u00e9tier, aujourd\u2019hui mon travail consiste \u00e0 m\u2019occuper de tous les probl\u00e8mes inh\u00e9rents \u00e0 votre syst\u00e8me informatique. J\u2019interviens dans vos locaux en quelques heures si besoin. Avec moi, vous n\u2019\u00eates pas un num\u00e9ro, ma d\u00e9marche professionnelle est humaine. [&hellip;]<\/p>\n","protected":false},"author":1,"featured_media":62,"parent":0,"menu_order":0,"comment_status":"closed","ping_status":"closed","template":"","meta":{"footnotes":""},"class_list":["post-22","page","type-page","status-publish","has-post-thumbnail","hentry"],"_links":{"self":[{"href":"https:\/\/www.samiginfo.com\/index.php?rest_route=\/wp\/v2\/pages\/22","targetHints":{"allow":["GET"]}}],"collection":[{"href":"https:\/\/www.samiginfo.com\/index.php?rest_route=\/wp\/v2\/pages"}],"about":[{"href":"https:\/\/www.samiginfo.com\/index.php?rest_route=\/wp\/v2\/types\/page"}],"author":[{"embeddable":true,"href":"https:\/\/www.samiginfo.com\/index.php?rest_route=\/wp\/v2\/users\/1"}],"replies":[{"embeddable":true,"href":"https:\/\/www.samiginfo.com\/index.php?rest_route=%2Fwp%2Fv2%2Fcomments&post=22"}],"version-history":[{"count":13,"href":"https:\/\/www.samiginfo.com\/index.php?rest_route=\/wp\/v2\/pages\/22\/revisions"}],"predecessor-version":[{"id":159,"href":"https:\/\/www.samiginfo.com\/index.php?rest_route=\/wp\/v2\/pages\/22\/revisions\/159"}],"wp:featuredmedia":[{"embeddable":true,"href":"https:\/\/www.samiginfo.com\/index.php?rest_route=\/wp\/v2\/media\/62"}],"wp:attachment":[{"href":"https:\/\/www.samiginfo.com\/index.php?rest_route=%2Fwp%2Fv2%2Fmedia&parent=22"}],"curies":[{"name":"wp","href":"https:\/\/api.w.org\/{rel}","templated":true}]}}